{"id":16,"date":"2025-05-09T17:36:46","date_gmt":"2025-05-09T15:36:46","guid":{"rendered":"https:\/\/twojgrawer.pl\/?page_id=16"},"modified":"2025-08-18T19:19:07","modified_gmt":"2025-08-18T17:19:07","slug":"koszyk","status":"publish","type":"page","link":"https:\/\/twojgrawer.pl\/?page_id=16","title":{"rendered":"Koszyk"},"content":{"rendered":"<div class=\"woocommerce\">\n<div class=\"cart-content-wrapper\">\n\n\t<div class=\"woocommerce-notices-wrapper\"><\/div>\n\t<form class=\"woocommerce-cart-form\" action=\"https:\/\/twojgrawer.pl\/?page_id=16\" method=\"post\">\n\n\t\t\n\t\t\t<table class=\"shop_table shop_table_responsive shop-table-with-img cart woocommerce-cart-form__contents\" cellspacing=\"0\">\n\t\t\t\t<thead>\n\t\t\t\t\t<tr>\n\t\t\t\t\t\t<th class=\"product-remove\"><span class=\"screen-reader-text\">Usu\u0144<\/span><\/th>\n\t\t\t\t\t\t<th class=\"product-thumbnail\"><span class=\"screen-reader-text\">Miniatura<\/span><\/th>\n\t\t\t\t\t\t<th class=\"product-name\">Produkt<\/th>\n\t\t\t\t\t\t<th class=\"product-price\">Cena<\/th>\n\t\t\t\t\t\t<th class=\"product-quantity\">Ilo\u015b\u0107<\/th>\n\t\t\t\t\t\t<th class=\"product-subtotal\">Kwota<\/th>\n\t\t\t\t\t<\/tr>\n\t\t\t\t<\/thead>\n\t\t\t\t<tbody>\n\t\t\t\t\n\t\t\t\n\t\t\t\t\t\t<tr class=\"woocommerce-cart-form__cart-item cart_item\">\n\n\t\t\t\t\t\t\t<td class=\"product-remove\">\n\t\t\t\t\t\t\t\t<a href=\"https:\/\/twojgrawer.pl\/?page_id=16&#038;remove_item=4abe17a1c80cbdd2aa241b70840879de&#038;_wpnonce=25d1312c98\" class=\"remove\" aria-label=\"Usu\u0144 Pude\u0142ko \u015alubne na Pieni\u0105dze z koszyka\" data-product_id=\"1773\" data-product_sku=\"\">&times;<\/a>\t\t\t\t\t\t\t<\/td>\n\n\t\t\t\t\t\t\t<td class=\"product-thumbnail\">\n\t\t\t\t\t\t\t<a href=\"https:\/\/twojgrawer.pl\/?product=pudelko-slubne-na-pieniadze\"><img fetchpriority=\"high\" decoding=\"async\" width=\"600\" height=\"600\" src=\"https:\/\/twojgrawer.pl\/wp-content\/uploads\/2025\/08\/slub-600x600.png\" class=\"attachment-woocommerce_thumbnail size-woocommerce_thumbnail\" alt=\"Pude\u0142ko \u015alubne na Pieni\u0105dze\" srcset=\"https:\/\/twojgrawer.pl\/wp-content\/uploads\/2025\/08\/slub-600x600.png 600w, https:\/\/twojgrawer.pl\/wp-content\/uploads\/2025\/08\/slub-150x150.png 150w\" sizes=\"(max-width: 600px) 100vw, 600px\" \/><\/a>\t\t\t\t\t\t\t<\/td>\n\n\t\t\t\t\t\t\t<td class=\"product-name\" data-title=\"Produkt\">\n\t\t\t\t\t\t\t\t<a href=\"https:\/\/twojgrawer.pl\/?product=pudelko-slubne-na-pieniadze\">Pude\u0142ko \u015alubne na Pieni\u0105dze<\/a>\t\t\t\t\t\t\t<\/td>\n\n\t\t\t\t\t\t\t<td class=\"product-price\" data-title=\"Cena\">\n\t\t\t\t\t\t\t\t<span class=\"woocommerce-Price-amount amount\"><bdi>40,00&nbsp;<span class=\"woocommerce-Price-currencySymbol\">&#122;&#322;<\/span><\/bdi><\/span>\t\t\t\t\t\t\t<\/td>\n\n\t\t\t\t\t\t\t<td class=\"product-quantity\" data-title=\"Ilo\u015b\u0107\">\n\t\t\t\t\t\t\t\t\n<div class=\"quantity\">\n\t\n\t\t\t<input type=\"button\" value=\"-\" class=\"minus btn\" \/>\n\t\n\t<label class=\"screen-reader-text\" for=\"quantity_69e50081ebffb\">ilo\u015b\u0107 Pude\u0142ko \u015alubne na Pieni\u0105dze<\/label>\n\t<input\n\t\ttype=\"number\"\n\t\t\t\tid=\"quantity_69e50081ebffb\"\n\t\tclass=\"input-text qty text\"\n\t\tvalue=\"1\"\n\t\taria-label=\"Ilo\u015b\u0107 produktu\"\n\t\t\t\tmin=\"0\"\n\t\tmax=\"\"\n\t\tname=\"cart[4abe17a1c80cbdd2aa241b70840879de][qty]\"\n\n\t\t\t\t\tstep=\"1\"\n\t\t\tplaceholder=\"\"\n\t\t\tinputmode=\"numeric\"\n\t\t\tautocomplete=\"off\"\n\t\t\t>\n\n\t\t\t<input type=\"button\" value=\"+\" class=\"plus btn\" \/>\n\t\n\t<\/div>\n\t\t\t\t\t\t\t<\/td>\n\n\t\t\t\t\t\t\t<td class=\"product-subtotal\" data-title=\"Kwota\">\n\t\t\t\t\t\t\t\t<span class=\"woocommerce-Price-amount amount\"><bdi>40,00&nbsp;<span class=\"woocommerce-Price-currencySymbol\">&#122;&#322;<\/span><\/bdi><\/span>\t\t\t\t\t\t\t<\/td>\n\t\t\t\t\t\t<\/tr>\n\n\t\t\t\t\t\t\n\t\t\t\n\t\t\t<tr class=\"wd-cart-action-row\">\n\t\t\t\t<td colspan=\"12\" class=\"actions\">\n\t\t\t\t\t<div class=\"cart-actions\">\n\t\t\t\t\t\t\t\t\t\t\t\t\t<div class=\"coupon wd-coupon-form\">\n\t\t\t\t\t\t\t\t<label for=\"coupon_code\" class=\"screen-reader-text\">\n\t\t\t\t\t\t\t\t\tKupon:\t\t\t\t\t\t\t\t<\/label>\n\t\t\t\t\t\t\t\t<input type=\"text\" name=\"coupon_code\" class=\"input-text\" id=\"coupon_code\" value=\"\" placeholder=\"Kod kuponu\" \/>\n\t\t\t\t\t\t\t\t<button type=\"submit\" class=\"button\" name=\"apply_coupon\" value=\"Wykorzystaj kupon\">\n\t\t\t\t\t\t\t\t\tWykorzystaj kupon\t\t\t\t\t\t\t\t<\/button>\n\t\t\t\t\t\t\t\t\t\t\t\t\t\t\t<\/div>\n\t\t\t\t\t\t\n\t\t\t\t\t\t<button type=\"submit\" class=\"button  wd-hide\" name=\"update_cart\" value=\"Zaktualizuj koszyk\">\n\t\t\t\t\t\t\tZaktualizuj koszyk\t\t\t\t\t\t<\/button>\n\n\t\t\t\t\t\t\n\t\t\t\t\t\t<input type=\"hidden\" id=\"woocommerce-cart-nonce\" name=\"woocommerce-cart-nonce\" value=\"25d1312c98\" \/><input type=\"hidden\" name=\"_wp_http_referer\" value=\"\/index.php?rest_route=%2Fwp%2Fv2%2Fpages%2F16\" \/>\t\t\t\t\t<\/div>\n\t\t\t\t<\/td>\n\t\t\t<\/tr>\n\n\t\t\t\t\t\t<\/tbody>\n\t\t<\/table>\n\n\t\t\t<\/form>\n\n\t\n\t<div class=\"cart_totals \">\n\n\t<div class=\"cart-totals-inner wd-set-mb reset-last-child wd-layout-1\">\n\t<h2>Podsumowanie koszyka<\/h2>\n\n\t<table cellspacing=\"0\" class=\"shop_table shop_table_responsive\">\n\n\t\t<tr class=\"cart-subtotal\">\n\t\t\t<th>Kwota<\/th>\n\t\t\t<td data-title=\"Kwota\"><span class=\"woocommerce-Price-amount amount\"><bdi>40,00&nbsp;<span class=\"woocommerce-Price-currencySymbol\">&#122;&#322;<\/span><\/bdi><\/span><\/td>\n\t\t<\/tr>\n\n\t\t\n\t\t\n\t\t\t\n\t\t\t<tr class=\"woocommerce-shipping-totals shipping\">\n\t<th>Wysy\u0142ka<\/th>\n\t<td data-title=\"Wysy\u0142ka\">\n\t\t\t\t\t<ul id=\"shipping_method\" class=\"woocommerce-shipping-methods\">\n\t\t\t\t\t\t\t\t\t<li>\n\t\t\t\t\t\t<input type=\"radio\" name=\"shipping_method[0]\" data-index=\"0\" id=\"shipping_method_0_easypack_parcel_machines3\" value=\"easypack_parcel_machines:3\" class=\"shipping_method\"  checked='checked' \/><label for=\"shipping_method_0_easypack_parcel_machines3\">InPost Paczkomat 24\/7: <span class=\"woocommerce-Price-amount amount\"><bdi>15,00&nbsp;<span class=\"woocommerce-Price-currencySymbol\">&#122;&#322;<\/span><\/bdi><\/span><\/label> <span class=\"easypack-shipping-method-logo\"><img decoding=\"async\" style=\"\" src=\"https:\/\/twojgrawer.pl\/wp-content\/plugins\/inpost-for-woocommerce\/resources\/assets\/images\/logo\/inpost-paczkomat-logo.png\" \/><\/span>\t\t\t\t\t<\/li>\n\t\t\t\t\t\t\t\t\t<li>\n\t\t\t\t\t\t<input type=\"radio\" name=\"shipping_method[0]\" data-index=\"0\" id=\"shipping_method_0_easypack_shipping_courier_c2c4\" value=\"easypack_shipping_courier_c2c:4\" class=\"shipping_method\"  \/><label for=\"shipping_method_0_easypack_shipping_courier_c2c4\">InPost Kurier C2C: <span class=\"woocommerce-Price-amount amount\"><bdi>15,00&nbsp;<span class=\"woocommerce-Price-currencySymbol\">&#122;&#322;<\/span><\/bdi><\/span><\/label> <span class=\"easypack-shipping-method-logo\"><img decoding=\"async\" style=\"\" src=\"https:\/\/twojgrawer.pl\/wp-content\/plugins\/inpost-for-woocommerce\/resources\/assets\/images\/logo\/inpost-kurier-logo.png\" \/><\/span>\t\t\t\t\t<\/li>\n\t\t\t\t\t\t\t\t\t<li>\n\t\t\t\t\t\t<input type=\"radio\" name=\"shipping_method[0]\" data-index=\"0\" id=\"shipping_method_0_flat_rate6\" value=\"flat_rate:6\" class=\"shipping_method\"  \/><label for=\"shipping_method_0_flat_rate6\">Kurier DPD: <span class=\"woocommerce-Price-amount amount\"><bdi>18,00&nbsp;<span class=\"woocommerce-Price-currencySymbol\">&#122;&#322;<\/span><\/bdi><\/span><\/label>\t\t\t\t\t<\/li>\n\t\t\t\t\t\t\t\t\t<li>\n\t\t\t\t\t\t<input type=\"radio\" name=\"shipping_method[0]\" data-index=\"0\" id=\"shipping_method_0_flat_rate5\" value=\"flat_rate:5\" class=\"shipping_method\"  \/><label for=\"shipping_method_0_flat_rate5\">Kurier DHL: <span class=\"woocommerce-Price-amount amount\"><bdi>18,00&nbsp;<span class=\"woocommerce-Price-currencySymbol\">&#122;&#322;<\/span><\/bdi><\/span><\/label>\t\t\t\t\t<\/li>\n\t\t\t\t\t\t\t<\/ul>\n\t\t\t\t\t\t\t<p class=\"woocommerce-shipping-destination\">\n\t\t\t\t\tMetody wysy\u0142ki zostan\u0105 zaktualizowane podczas sk\u0142adania zam\u00f3wienia.\t\t\t\t<\/p>\n\t\t\t\t\t\t\n\t\t\n\t\t\t\t\t\n<form class=\"woocommerce-shipping-calculator\" action=\"https:\/\/twojgrawer.pl\/?page_id=16\" method=\"post\">\n\n\t<a href=\"#\" class=\"shipping-calculator-button\" aria-expanded=\"false\" aria-controls=\"shipping-calculator-form\" role=\"button\">Oblicz koszty wysy\u0142ki<\/a>\n\t<section class=\"shipping-calculator-form\" id=\"shipping-calculator-form\" style=\"display:none;\">\n\n\t\t\t\t\t<p class=\"form-row form-row-wide\" id=\"calc_shipping_country_field\">\n\t\t\t\t<label for=\"calc_shipping_country\">Kraj \/ region:<\/label>\n\t\t\t\t<select name=\"calc_shipping_country\" id=\"calc_shipping_country\" class=\"country_to_state country_select\" rel=\"calc_shipping_state\">\n\t\t\t\t\t<option value=\"default\">Wybierz kraj\/region&hellip;<\/option>\n\t\t\t\t\t<option value=\"PL\" selected='selected'>Polska<\/option>\t\t\t\t<\/select>\n\t\t\t<\/p>\n\t\t\n\t\t\t\t\t<p class=\"form-row form-row-wide\" id=\"calc_shipping_state_field\">\n\t\t\t\t\t\t\t\t\t<input type=\"hidden\" name=\"calc_shipping_state\" id=\"calc_shipping_state\" \/>\n\t\t\t\t\t\t\t\t<\/p>\n\t\t\n\t\t\t\t\t<p class=\"form-row form-row-wide\" id=\"calc_shipping_city_field\">\n\t\t\t\t<label for=\"calc_shipping_city\">Miejscowo\u015b\u0107:<\/label>\n\t\t\t\t<input type=\"text\" class=\"input-text\" value=\"\" name=\"calc_shipping_city\" id=\"calc_shipping_city\" \/>\n\t\t\t<\/p>\n\t\t\n\t\t\t\t\t<p class=\"form-row form-row-wide\" id=\"calc_shipping_postcode_field\">\n\t\t\t\t<label for=\"calc_shipping_postcode\">Kod pocztowy:<\/label>\n\t\t\t\t<input type=\"text\" class=\"input-text\" value=\"\" name=\"calc_shipping_postcode\" id=\"calc_shipping_postcode\" \/>\n\t\t\t<\/p>\n\t\t\n\t\t<p><button type=\"submit\" name=\"calc_shipping\" value=\"1\" class=\"button\">Aktualizuj<\/button><\/p>\n\t\t<input type=\"hidden\" id=\"woocommerce-shipping-calculator-nonce\" name=\"woocommerce-shipping-calculator-nonce\" value=\"19eeae8c55\" \/><input type=\"hidden\" name=\"_wp_http_referer\" value=\"\/index.php?rest_route=%2Fwp%2Fv2%2Fpages%2F16\" \/>\t<\/section>\n<\/form>\n\n\t\t\t<\/td>\n<\/tr>\n\n\t\t\t\n\t\t\n\t\t\n\t\t\n\t\t\n\t\t<tr class=\"order-total\">\n\t\t\t<th>\u0141\u0105cznie<\/th>\n\t\t\t<td data-title=\"\u0141\u0105cznie\"><strong><span class=\"woocommerce-Price-amount amount\"><bdi>55,00&nbsp;<span class=\"woocommerce-Price-currencySymbol\">&#122;&#322;<\/span><\/bdi><\/span><\/strong> <\/td>\n\t\t<\/tr>\n\n\t\t\n\t<\/table>\n\n\t<div class=\"wc-proceed-to-checkout\">\n\t\t\n<a href=\"https:\/\/twojgrawer.pl\/?page_id=17\" class=\"checkout-button button alt wc-forward\">\n\tPrzejd\u017a do p\u0142atno\u015bci<\/a>\n\t\t\t<div class='wcpay-express-checkout-wrapper' >\n\t\t\t\t\t<div id=\"wcpay-express-checkout-element\"><\/div>\n\t\t\t\t\t<\/div >\n\t\t\t\t<\/div>\n\n\t<\/div>\n<\/div>\n\n\t<wc-order-attribution-inputs id=\"wcpay-express-checkout__order-attribution-inputs\"><\/wc-order-attribution-inputs><\/div>\n<\/div>","protected":false},"excerpt":{"rendered":"","protected":false},"author":1,"featured_media":0,"parent":0,"menu_order":0,"comment_status":"closed","ping_status":"closed","template":"","meta":{"footnotes":""},"class_list":["post-16","page","type-page","status-publish","hentry"],"_links":{"self":[{"href":"https:\/\/twojgrawer.pl\/index.php?rest_route=\/wp\/v2\/pages\/16","targetHints":{"allow":["GET"]}}],"collection":[{"href":"https:\/\/twojgrawer.pl\/index.php?rest_route=\/wp\/v2\/pages"}],"about":[{"href":"https:\/\/twojgrawer.pl\/index.php?rest_route=\/wp\/v2\/types\/page"}],"author":[{"embeddable":true,"href":"https:\/\/twojgrawer.pl\/index.php?rest_route=\/wp\/v2\/users\/1"}],"replies":[{"embeddable":true,"href":"https:\/\/twojgrawer.pl\/index.php?rest_route=%2Fwp%2Fv2%2Fcomments&post=16"}],"version-history":[{"count":1,"href":"https:\/\/twojgrawer.pl\/index.php?rest_route=\/wp\/v2\/pages\/16\/revisions"}],"predecessor-version":[{"id":1737,"href":"https:\/\/twojgrawer.pl\/index.php?rest_route=\/wp\/v2\/pages\/16\/revisions\/1737"}],"wp:attachment":[{"href":"https:\/\/twojgrawer.pl\/index.php?rest_route=%2Fwp%2Fv2%2Fmedia&parent=16"}],"curies":[{"name":"wp","href":"https:\/\/api.w.org\/{rel}","templated":true}]}}