{"id":1666,"date":"2025-07-22T18:25:00","date_gmt":"2025-07-22T16:25:00","guid":{"rendered":"https:\/\/twojgrawer.pl\/?post_type=product&#038;p=1666"},"modified":"2025-09-04T11:37:42","modified_gmt":"2025-09-04T09:37:42","slug":"kartka-drewniana-na-koperte-slubna","status":"publish","type":"product","link":"https:\/\/twojgrawer.pl\/?product=kartka-drewniana-na-koperte-slubna","title":{"rendered":"Kartka drewniana na kopert\u0119 \u015blubna"},"content":{"rendered":"<h2>Drewniana kartka \u015blubna w kszta\u0142cie walizki z map\u0105 \u015bwiata \u2708\ufe0f \u2013 wyj\u0105tkowy prezent na now\u0105 podr\u00f3\u017c \u017cycia<\/h2>\n<p><b>Personalizowana kartka z kopert\u0105 i grawerem \u2013 idealna na \u015blub<\/b><\/p>\n<p>Szukasz niebanalnego, wzruszaj\u0105cego prezentu na \u015blub? Nasza\u00a0<b>drewniana kartka w kszta\u0142cie walizki<\/b>\u00a0to co\u015b wi\u0119cej ni\u017c kartka \u2013 to\u00a0<b>symbol wsp\u00f3lnej podr\u00f3\u017cy \u017cycia<\/b>! Zachwy\u0107 Par\u0119 M\u0142od\u0105 eleganckim i trwa\u0142ym upominkiem, kt\u00f3ry zostanie z nimi na zawsze.<\/p>\n<p><b>\u2728 Co wyr\u00f3\u017cnia nasz\u0105 kartk\u0119?<\/b><\/p>\n<p>\u2705\u00a0<b>Oryginalny design walizki<\/b>\u00a0\u2013 kartka ma kszta\u0142t podr\u00f3\u017cnej walizki z wyci\u0119t\u0105 map\u0105 \u015bwiata i grawerowanym napisem:<\/p>\n<p><b>\u201eOto zaczyna si\u0119 Wasza wsp\u00f3lna podr\u00f3\u017c \u017cycia\u201d<\/b><\/p>\n<p>\u2705\u00a0<b>Personalizacja<\/b>:<\/p>\n<ul>\n<li>Grawerowane \u017cyczenia wewn\u0105trz<\/li>\n<li>Imiona Pary M\u0142odej<\/li>\n<li>Imiona os\u00f3b sk\u0142adaj\u0105cych \u017cyczenia<\/li>\n<li>Data \u015blubu na\u00a0<b>ma\u0142ej do\u0142\u0105czonej tabliczce<\/b><\/li>\n<\/ul>\n<p>\u2705\u00a0<b>Kolor koperty do wyboru<\/b>\u00a0\u2013 dopasuj j\u0105 do stylu wesela<\/p>\n<p>\u2705\u00a0<b>R\u0119cznie sznurowana<\/b>\u00a0\u2013 obie cz\u0119\u015bci kartki po\u0142\u0105czone jutowym sznurkiem<\/p>\n<p>\u2705\u00a0<b>Solidna sklejka<\/b>\u00a0\u2013 trwa\u0142a, elegancka, pami\u0105tka na lata<\/p>\n<div class=\"mpof_ki myre_zn myre_8v_l m389_6m_l\">\n<div class=\"mp4t_16_s mryx_16_s mr3m_1 mli2_1 mh85_56 mh85_0_l\">\n<div class=\"mgn2_16 _0d3bd_am0a-\">\n<p><b>Wymiary:<\/b><\/p>\n<ul>\n<li>Wysoko\u015b\u0107: ok. 14 cm<\/li>\n<li>Szeroko\u015b\u0107: ok. 17 cm<\/li>\n<li>Grubo\u015b\u0107: 8 mm<\/li>\n<\/ul>\n<p><b>\u00a0Idealna do:<\/b><\/p>\n<ul>\n<li>Wk\u0142adania got\u00f3wki (koperta w \u015brodku)<\/li>\n<li>Do\u0142o\u017cenia biletu lotniczego, vouchera podr\u00f3\u017cniczego itp.<\/li>\n<\/ul>\n<p>W wiadomo\u015bci do sprzedaj\u0105cego podaj:<\/p>\n<ul>\n<li>Imiona Pary M\u0142odej<\/li>\n<li>Kto \u017cyczy<\/li>\n<li>Dat\u0119 \u015blubu<\/li>\n<\/ul>\n<p>&nbsp;<\/p>\n<\/div>\n<\/div>\n<\/div>\n<div class=\"mpof_ki myre_zn myre_8v_l m389_6m_l\">\n<div class=\"mp4t_16_s mryx_16_s mr3m_1 mli2_1 mh85_56 mh85_0_l\">\n<div class=\"mg9e_8 mj7a_8 mg9e_0_s mvrt_0_s mj7a_0_s mh36_0_s mzmg_6m munh_16_l m3h2_16_l\">\n<div class=\"mp4t_0 mryx_0 munh_56 m3h2_56\"><\/div>\n<\/div>\n<\/div>\n<\/div>\n","protected":false},"excerpt":{"rendered":"<p>Szukasz niebanalnego, wzruszaj\u0105cego prezentu na \u015blub? Nasza\u00a0<b>drewniana kartka w kszta\u0142cie walizki<\/b>\u00a0to co\u015b wi\u0119cej ni\u017c kartka \u2013 to\u00a0<b>symbol wsp\u00f3lnej podr\u00f3\u017cy \u017cycia<\/b>! Zachwy\u0107 Par\u0119 M\u0142od\u0105 eleganckim i trwa\u0142ym upominkiem, kt\u00f3ry zostanie z nimi na zawsze.<\/p>\n","protected":false},"featured_media":1890,"comment_status":"open","ping_status":"closed","template":"","meta":[],"product_brand":[],"product_cat":[30],"product_tag":[],"class_list":{"0":"post-1666","1":"product","2":"type-product","3":"status-publish","4":"has-post-thumbnail","6":"product_cat-kartki","8":"first","9":"instock","10":"shipping-taxable","11":"purchasable","12":"product-type-simple"},"_links":{"self":[{"href":"https:\/\/twojgrawer.pl\/index.php?rest_route=\/wp\/v2\/product\/1666","targetHints":{"allow":["GET"]}}],"collection":[{"href":"https:\/\/twojgrawer.pl\/index.php?rest_route=\/wp\/v2\/product"}],"about":[{"href":"https:\/\/twojgrawer.pl\/index.php?rest_route=\/wp\/v2\/types\/product"}],"replies":[{"embeddable":true,"href":"https:\/\/twojgrawer.pl\/index.php?rest_route=%2Fwp%2Fv2%2Fcomments&post=1666"}],"version-history":[{"count":5,"href":"https:\/\/twojgrawer.pl\/index.php?rest_route=\/wp\/v2\/product\/1666\/revisions"}],"predecessor-version":[{"id":1740,"href":"https:\/\/twojgrawer.pl\/index.php?rest_route=\/wp\/v2\/product\/1666\/revisions\/1740"}],"wp:featuredmedia":[{"embeddable":true,"href":"https:\/\/twojgrawer.pl\/index.php?rest_route=\/wp\/v2\/media\/1890"}],"wp:attachment":[{"href":"https:\/\/twojgrawer.pl\/index.php?rest_route=%2Fwp%2Fv2%2Fmedia&parent=1666"}],"wp:term":[{"taxonomy":"product_brand","embeddable":true,"href":"https:\/\/twojgrawer.pl\/index.php?rest_route=%2Fwp%2Fv2%2Fproduct_brand&post=1666"},{"taxonomy":"product_cat","embeddable":true,"href":"https:\/\/twojgrawer.pl\/index.php?rest_route=%2Fwp%2Fv2%2Fproduct_cat&post=1666"},{"taxonomy":"product_tag","embeddable":true,"href":"https:\/\/twojgrawer.pl\/index.php?rest_route=%2Fwp%2Fv2%2Fproduct_tag&post=1666"}],"curies":[{"name":"wp","href":"https:\/\/api.w.org\/{rel}","templated":true}]}}