{"id":1680,"date":"2025-07-22T18:40:47","date_gmt":"2025-07-22T16:40:47","guid":{"rendered":"https:\/\/twojgrawer.pl\/?post_type=product&#038;p=1680"},"modified":"2025-09-04T13:15:51","modified_gmt":"2025-09-04T11:15:51","slug":"prosba-do-chrzestnego-ojciec-chrzestny","status":"publish","type":"product","link":"https:\/\/twojgrawer.pl\/?product=prosba-do-chrzestnego-ojciec-chrzestny","title":{"rendered":"Pro\u015bba do Chrzestnego &#8211; Ojciec Chrzestny"},"content":{"rendered":"<h1>PYTANIE PROSBA DO CHRZESNTCH OJCIEC CHRZESTNY DREWNIANA KARTKA GRAWER<\/h1>\n<p>Zaproszenie\/pro\u015bba dla Chrzestnego w takiej formie na pewno wywo\u0142a u\u015bmiech na jego twarzy \ud83d\ude42<\/p>\n<p><b>Specyfikacja:<\/b><\/p>\n<ul>\n<li>rozmiar: 9 cm x 6,5 cm<\/li>\n<li>materia\u0142: sklejka brzozowa\u00a0<b>pierwszej klasy<\/b><\/li>\n<\/ul>\n<p><b>Sk\u0142ad zestawu:<\/b><\/p>\n<ul>\n<li>drewniana tabliczka z pytaniem,<\/li>\n<li>koperta z grubego papieru kredowego<\/li>\n<li>Sznurek jutowy do obwi\u0105zania koperty<\/li>\n<\/ul>\n<p><b>W wiadomo\u015bci prosimy poda\u0107:<\/b><\/p>\n<ul>\n<li>imi\u0119\u00a0<b>dziecka<\/b>,<\/li>\n<li>zwrot do Ojca Chrzestnego<\/li>\n<li>Mo\u017cemy wygrawerowa\u0107 dowolny zwrot do chrzestnego np.\u00a0<b>samo imi\u0119 &#8211; Kubo, Kuzynie, Wujku Tomku itp.<\/b><\/li>\n<\/ul>\n<p><b>PRZYK\u0141AD:<\/b><\/p>\n<p><b>Wujku Jacku \/ Kamil<\/b><\/p>\n<p><b>UWAGA! Tekst zostanie wygrawerowany dok\u0142adnie tak jak podasz w wiadomo\u015bci! Zwr\u00f3\u0107 uwag\u0119 na wielko\u015b\u0107 liter, interpunkcj\u0119 itp.<\/b><\/p>\n<p><b>Nasze produkty wykonujemy z najwy\u017csz\u0105 dba\u0142o\u015bci\u0105 o ka\u017cdy szczeg\u00f3\u0142. S\u0105 starannie oczyszczane, nie posiadaj\u0105 opale\u0144\/okopce\u0144.<\/b><\/p>\n","protected":false},"excerpt":{"rendered":"<p>PYTANIE PROSBA DO CHRZESNTCH OJCIEC CHRZESTNY DREWNIANA KARTKA GRAWER Zaproszenie\/pro\u015bba dla Chrzestnego w takiej formie na pewno wywo\u0142a u\u015bmiech na<\/p>\n","protected":false},"featured_media":1915,"comment_status":"open","ping_status":"closed","template":"","meta":[],"product_brand":[],"product_cat":[105],"product_tag":[],"class_list":{"0":"post-1680","1":"product","2":"type-product","3":"status-publish","4":"has-post-thumbnail","6":"product_cat-chrzest","8":"first","9":"instock","10":"shipping-taxable","11":"purchasable","12":"product-type-simple"},"_links":{"self":[{"href":"https:\/\/twojgrawer.pl\/index.php?rest_route=\/wp\/v2\/product\/1680","targetHints":{"allow":["GET"]}}],"collection":[{"href":"https:\/\/twojgrawer.pl\/index.php?rest_route=\/wp\/v2\/product"}],"about":[{"href":"https:\/\/twojgrawer.pl\/index.php?rest_route=\/wp\/v2\/types\/product"}],"replies":[{"embeddable":true,"href":"https:\/\/twojgrawer.pl\/index.php?rest_route=%2Fwp%2Fv2%2Fcomments&post=1680"}],"version-history":[{"count":1,"href":"https:\/\/twojgrawer.pl\/index.php?rest_route=\/wp\/v2\/product\/1680\/revisions"}],"predecessor-version":[{"id":1685,"href":"https:\/\/twojgrawer.pl\/index.php?rest_route=\/wp\/v2\/product\/1680\/revisions\/1685"}],"wp:featuredmedia":[{"embeddable":true,"href":"https:\/\/twojgrawer.pl\/index.php?rest_route=\/wp\/v2\/media\/1915"}],"wp:attachment":[{"href":"https:\/\/twojgrawer.pl\/index.php?rest_route=%2Fwp%2Fv2%2Fmedia&parent=1680"}],"wp:term":[{"taxonomy":"product_brand","embeddable":true,"href":"https:\/\/twojgrawer.pl\/index.php?rest_route=%2Fwp%2Fv2%2Fproduct_brand&post=1680"},{"taxonomy":"product_cat","embeddable":true,"href":"https:\/\/twojgrawer.pl\/index.php?rest_route=%2Fwp%2Fv2%2Fproduct_cat&post=1680"},{"taxonomy":"product_tag","embeddable":true,"href":"https:\/\/twojgrawer.pl\/index.php?rest_route=%2Fwp%2Fv2%2Fproduct_tag&post=1680"}],"curies":[{"name":"wp","href":"https:\/\/api.w.org\/{rel}","templated":true}]}}