{"id":1687,"date":"2025-08-18T12:27:39","date_gmt":"2025-08-18T10:27:39","guid":{"rendered":"https:\/\/twojgrawer.pl\/?post_type=product&#038;p=1687"},"modified":"2025-09-04T11:26:30","modified_gmt":"2025-09-04T09:26:30","slug":"kartka-slubna-personalizowana-z-zyczeniami-drewniana-na-slub-pamiatka-slubu","status":"publish","type":"product","link":"https:\/\/twojgrawer.pl\/?product=kartka-slubna-personalizowana-z-zyczeniami-drewniana-na-slub-pamiatka-slubu","title":{"rendered":"Kartka \u015alubna Personalizowana z \u017byczeniami Drewniana na \u015alub Pami\u0105tka \u015alubu"},"content":{"rendered":"<p data-start=\"130\" data-end=\"311\"><strong data-start=\"130\" data-end=\"233\">Drewniana kartka z motywem \u201eW ko\u0144cu na w\u0142a\u015bciwych torach\u201d \ud83d\ude82 \u2013 wyj\u0105tkowy prezent na nowy etap \u017cycia<\/strong><br data-start=\"233\" data-end=\"236\" \/><strong data-start=\"236\" data-end=\"309\">Personalizowana kartka z kopert\u0105 i grawerem \u2013 idealna na wa\u017cn\u0105 okazj\u0119<\/strong><\/p>\n<p data-start=\"592\" data-end=\"625\">\u2728 <strong data-start=\"594\" data-end=\"623\">Co wyr\u00f3\u017cnia nasz\u0105 kartk\u0119?<\/strong><\/p>\n<p data-start=\"627\" data-end=\"752\">\u2705 <strong data-start=\"629\" data-end=\"654\">Niepowtarzalny design<\/strong> \u2013 wyci\u0119te detale zwi\u0105zane z motywem tor\u00f3w i grawerowany napis:<br data-start=\"717\" data-end=\"720\" \/>\u201eW ko\u0144cu na w\u0142a\u015bciwych torach\u201d<\/p>\n<p data-start=\"754\" data-end=\"918\">\u2705 <strong data-start=\"756\" data-end=\"774\">Personalizacja<\/strong> \u2013 grawerowane \u017cyczenia wewn\u0105trz, imiona obdarowanych, imiona os\u00f3b sk\u0142adaj\u0105cych \u017cyczenia oraz data \u015blubu<\/p>\n<p data-start=\"920\" data-end=\"983\">\u2705 <strong data-start=\"922\" data-end=\"949\">Koperta w zestawie &#8211;\u00a0<\/strong>do\u0142\u0105czamy eleganck\u0105 kopert\u0119 w kolorze terakoty<\/p>\n<p data-start=\"985\" data-end=\"1059\">\u2705 <strong data-start=\"987\" data-end=\"1009\">R\u0119czne sznurowanie<\/strong> \u2013 po\u0142\u0105czenie element\u00f3w kartki jutowym sznurkiem<\/p>\n<p data-start=\"1061\" data-end=\"1121\">\u2705 <strong data-start=\"1063\" data-end=\"1082\">Solidna sklejka<\/strong> \u2013 trwa\u0142a, elegancka pami\u0105tka na lata<\/p>\n<p data-start=\"1123\" data-end=\"1198\"><strong data-start=\"1123\" data-end=\"1135\">Wymiary:<\/strong><br data-start=\"1135\" data-end=\"1138\" \/>Wysoko\u015b\u0107: ok. 17 cm<br data-start=\"1157\" data-end=\"1160\" \/>Szeroko\u015b\u0107: ok. 12.5 cm<br data-start=\"1180\" data-end=\"1183\" \/>Grubo\u015b\u0107: 8 mm<\/p>\n<p data-start=\"1200\" data-end=\"1217\"><strong data-start=\"1200\" data-end=\"1215\">Idealna do:<\/strong><\/p>\n<ul data-start=\"1218\" data-end=\"1301\">\n<li data-start=\"1218\" data-end=\"1250\">\n<p data-start=\"1220\" data-end=\"1250\">Wk\u0142adania got\u00f3wki w kopercie<\/p>\n<\/li>\n<li data-start=\"1251\" data-end=\"1301\">\n<p data-start=\"1253\" data-end=\"1301\">Dodania biletu, vouchera lub drobnego upominku<\/p>\n<\/li>\n<\/ul>\n<p><strong>Kup teraz i podaruj wyj\u0105tkowy symbol nowego pocz\u0105tku!<\/strong><\/p>\n","protected":false},"excerpt":{"rendered":"<p>Szukasz oryginalnego, pe\u0142nego znaczenia prezentu na wyj\u0105tkow\u0105 okazj\u0119? Nasza drewniana kartka z motywem \u201e<strong>W ko\u0144cu na w\u0142a\u015bciwych torach<\/strong>\u201d to co\u015b wi\u0119cej ni\u017c zwyk\u0142a kartka \u2013 to symbol nowego pocz\u0105tku i wsp\u00f3lnej drogi! Zaskocz blisk\u0105 osob\u0119 eleganckim, trwa\u0142ym upominkiem, kt\u00f3ry zostanie z ni\u0105 na d\u0142ugo.<\/p>\n","protected":false},"featured_media":1883,"comment_status":"open","ping_status":"closed","template":"","meta":[],"product_brand":[],"product_cat":[30],"product_tag":[],"class_list":{"0":"post-1687","1":"product","2":"type-product","3":"status-publish","4":"has-post-thumbnail","6":"product_cat-kartki","8":"first","9":"instock","10":"shipping-taxable","11":"purchasable","12":"product-type-simple"},"_links":{"self":[{"href":"https:\/\/twojgrawer.pl\/index.php?rest_route=\/wp\/v2\/product\/1687","targetHints":{"allow":["GET"]}}],"collection":[{"href":"https:\/\/twojgrawer.pl\/index.php?rest_route=\/wp\/v2\/product"}],"about":[{"href":"https:\/\/twojgrawer.pl\/index.php?rest_route=\/wp\/v2\/types\/product"}],"replies":[{"embeddable":true,"href":"https:\/\/twojgrawer.pl\/index.php?rest_route=%2Fwp%2Fv2%2Fcomments&post=1687"}],"version-history":[{"count":1,"href":"https:\/\/twojgrawer.pl\/index.php?rest_route=\/wp\/v2\/product\/1687\/revisions"}],"predecessor-version":[{"id":1699,"href":"https:\/\/twojgrawer.pl\/index.php?rest_route=\/wp\/v2\/product\/1687\/revisions\/1699"}],"wp:featuredmedia":[{"embeddable":true,"href":"https:\/\/twojgrawer.pl\/index.php?rest_route=\/wp\/v2\/media\/1883"}],"wp:attachment":[{"href":"https:\/\/twojgrawer.pl\/index.php?rest_route=%2Fwp%2Fv2%2Fmedia&parent=1687"}],"wp:term":[{"taxonomy":"product_brand","embeddable":true,"href":"https:\/\/twojgrawer.pl\/index.php?rest_route=%2Fwp%2Fv2%2Fproduct_brand&post=1687"},{"taxonomy":"product_cat","embeddable":true,"href":"https:\/\/twojgrawer.pl\/index.php?rest_route=%2Fwp%2Fv2%2Fproduct_cat&post=1687"},{"taxonomy":"product_tag","embeddable":true,"href":"https:\/\/twojgrawer.pl\/index.php?rest_route=%2Fwp%2Fv2%2Fproduct_tag&post=1687"}],"curies":[{"name":"wp","href":"https:\/\/api.w.org\/{rel}","templated":true}]}}