{"id":1850,"date":"2025-09-01T21:03:04","date_gmt":"2025-09-01T19:03:04","guid":{"rendered":"https:\/\/twojgrawer.pl\/?post_type=product&#038;p=1850"},"modified":"2025-09-08T09:29:00","modified_gmt":"2025-09-08T07:29:00","slug":"kartka-na-18-urodziny-grawerowana-koperta","status":"publish","type":"product","link":"https:\/\/twojgrawer.pl\/?product=kartka-na-18-urodziny-grawerowana-koperta","title":{"rendered":"Kartka Na 18 Urodziny Grawerowana + Koperta"},"content":{"rendered":"<p data-start=\"99\" data-end=\"176\"><strong data-start=\"99\" data-end=\"174\">Kartka drewniana grawerowana na 18 urodziny \u2013 personalizowana z kopert\u0105<\/strong><\/p>\n<p data-start=\"178\" data-end=\"362\">Podaruj co\u015b wi\u0119cej ni\u017c zwyk\u0142\u0105 kartk\u0119! Nasza <strong data-start=\"222\" data-end=\"269\">drewniana kartka grawerowana na 18 urodziny<\/strong> to unikalny i elegancki prezent, kt\u00f3ry zachwyci solenizanta i pozostanie pami\u0105tk\u0105 na lata.<\/p>\n<p data-start=\"364\" data-end=\"881\">\u2714 <strong data-start=\"366\" data-end=\"384\">Personalizacja<\/strong> \u2013 wpisz, kto sk\u0142ada \u017cyczenia i dla kogo s\u0105 one przeznaczone.<br data-start=\"445\" data-end=\"448\" \/>\u2714 <strong data-start=\"450\" data-end=\"470\">Wyj\u0105tkowy design<\/strong> \u2013 na froncie wyci\u0119ta liczba <strong data-start=\"499\" data-end=\"507\">\u201e18\u201d<\/strong>, zza kt\u00f3rej prze\u015bwituje koperta.<br data-start=\"540\" data-end=\"543\" \/>\u2714 <strong data-start=\"545\" data-end=\"572\">Praktyczne zastosowanie<\/strong> \u2013 w zestawie koperta w kolorze terakoty, do kt\u00f3rej w\u0142o\u017cysz pieni\u0105dze, voucher, bilet lub drobny upominek.<br data-start=\"678\" data-end=\"681\" \/>\u2714 <strong data-start=\"683\" data-end=\"704\" data-is-only-node=\"\">Solidne wykonanie<\/strong> \u2013 naturalne drewno, precyzyjny grawer laserowy, wymiary <strong data-start=\"761\" data-end=\"780\">17 cm x 12,5 cm<\/strong>.<br data-start=\"781\" data-end=\"784\" \/>\u2714 <strong data-start=\"786\" data-end=\"805\">Idealny prezent<\/strong> \u2013 od rodziny, znajomych lub przyjaci\u00f3\u0142 \u2013 elegancki, trwa\u0142y i symboliczny.<\/p>\n<p data-start=\"883\" data-end=\"1047\">\ud83c\udf81 Dzi\u0119ki po\u0142\u0105czeniu personalizacji i wysokiej jako\u015bci wykonania, kartka staje si\u0119 nie tylko form\u0105 z\u0142o\u017cenia \u017cycze\u0144, ale tak\u017ce wyj\u0105tkow\u0105 pami\u0105tk\u0105 na doros\u0142e \u017cycie.<\/p>\n<p data-start=\"170\" data-end=\"228\">\ud83d\udc49 <strong data-start=\"173\" data-end=\"187\">Kup teraz!<\/strong><br data-start=\"187\" data-end=\"190\" \/>W wiadomo\u015bci do sprzedaj\u0105cego podaj:<\/p>\n<ul data-start=\"229\" data-end=\"287\">\n<li data-start=\"229\" data-end=\"259\">\n<p data-start=\"231\" data-end=\"259\"><strong data-start=\"231\" data-end=\"243\">Dla kogo<\/strong> ma by\u0107 kartka<\/p>\n<\/li>\n<li data-start=\"260\" data-end=\"287\">\n<p data-start=\"262\" data-end=\"287\"><strong data-start=\"262\" data-end=\"273\">Od kogo<\/strong> s\u0105 \u017cyczenia<\/p>\n<\/li>\n<\/ul>\n<p data-start=\"289\" data-end=\"362\">My zajmiemy si\u0119 reszt\u0105 i przygotujemy dla Ciebie wyj\u0105tkowy prezent.<\/p>\n","protected":false},"excerpt":{"rendered":"<p>Podaruj co\u015b wi\u0119cej ni\u017c zwyk\u0142\u0105 kartk\u0119! Nasza <strong data-start=\"222\" data-end=\"269\">drewniana kartka grawerowana na 18 urodziny<\/strong> to unikalny i elegancki prezent, kt\u00f3ry zachwyci solenizanta i pozostanie pami\u0105tk\u0105 na lata.<\/p>\n","protected":false},"featured_media":1868,"comment_status":"open","ping_status":"closed","template":"","meta":[],"product_brand":[],"product_cat":[30],"product_tag":[],"class_list":{"0":"post-1850","1":"product","2":"type-product","3":"status-publish","4":"has-post-thumbnail","6":"product_cat-kartki","8":"first","9":"instock","10":"shipping-taxable","11":"purchasable","12":"product-type-simple"},"_links":{"self":[{"href":"https:\/\/twojgrawer.pl\/index.php?rest_route=\/wp\/v2\/product\/1850","targetHints":{"allow":["GET"]}}],"collection":[{"href":"https:\/\/twojgrawer.pl\/index.php?rest_route=\/wp\/v2\/product"}],"about":[{"href":"https:\/\/twojgrawer.pl\/index.php?rest_route=\/wp\/v2\/types\/product"}],"replies":[{"embeddable":true,"href":"https:\/\/twojgrawer.pl\/index.php?rest_route=%2Fwp%2Fv2%2Fcomments&post=1850"}],"version-history":[{"count":1,"href":"https:\/\/twojgrawer.pl\/index.php?rest_route=\/wp\/v2\/product\/1850\/revisions"}],"predecessor-version":[{"id":1855,"href":"https:\/\/twojgrawer.pl\/index.php?rest_route=\/wp\/v2\/product\/1850\/revisions\/1855"}],"wp:featuredmedia":[{"embeddable":true,"href":"https:\/\/twojgrawer.pl\/index.php?rest_route=\/wp\/v2\/media\/1868"}],"wp:attachment":[{"href":"https:\/\/twojgrawer.pl\/index.php?rest_route=%2Fwp%2Fv2%2Fmedia&parent=1850"}],"wp:term":[{"taxonomy":"product_brand","embeddable":true,"href":"https:\/\/twojgrawer.pl\/index.php?rest_route=%2Fwp%2Fv2%2Fproduct_brand&post=1850"},{"taxonomy":"product_cat","embeddable":true,"href":"https:\/\/twojgrawer.pl\/index.php?rest_route=%2Fwp%2Fv2%2Fproduct_cat&post=1850"},{"taxonomy":"product_tag","embeddable":true,"href":"https:\/\/twojgrawer.pl\/index.php?rest_route=%2Fwp%2Fv2%2Fproduct_tag&post=1850"}],"curies":[{"name":"wp","href":"https:\/\/api.w.org\/{rel}","templated":true}]}}